{"id":12037,"date":"2026-05-14T10:12:29","date_gmt":"2026-05-14T13:12:29","guid":{"rendered":"https:\/\/fernandezsecco.com\/?page_id=12037"},"modified":"2026-05-14T10:16:33","modified_gmt":"2026-05-14T13:16:33","slug":"lucia-gonzalez","status":"publish","type":"page","link":"https:\/\/fernandezsecco.com\/en\/lucia-gonzalez\/","title":{"rendered":"Luc\u00eda Gonz\u00e1lez"},"content":{"rendered":"<div data-elementor-type=\"wp-page\" data-elementor-id=\"12037\" class=\"elementor elementor-12037\">\n\t\t\t\t\t\t\t\t\t<section class=\"elementor-section elementor-top-section elementor-element elementor-element-6d9ac435 elementor-section-full_width elementor-section-stretched elementor-section-height-default elementor-section-height-default\" data-id=\"6d9ac435\" data-element_type=\"section\" data-settings=\"{&quot;background_background&quot;:&quot;classic&quot;,&quot;stretch_section&quot;:&quot;section-stretched&quot;}\">\n\t\t\t\t\t\t<div class=\"elementor-container elementor-column-gap-default\">\n\t\t\t\t\t<div class=\"elementor-column elementor-col-100 elementor-top-column elementor-element elementor-element-b7d5a0b\" data-id=\"b7d5a0b\" data-element_type=\"column\">\n\t\t\t<div class=\"elementor-widget-wrap elementor-element-populated\">\n\t\t\t\t\t\t\t\t<section class=\"elementor-section elementor-inner-section elementor-element elementor-element-4eb36bfd elementor-section-boxed elementor-section-height-default elementor-section-height-default\" data-id=\"4eb36bfd\" data-element_type=\"section\" data-settings=\"{&quot;background_background&quot;:&quot;classic&quot;}\">\n\t\t\t\t\t\t<div class=\"elementor-container elementor-column-gap-no\">\n\t\t\t\t\t<div class=\"elementor-column elementor-col-50 elementor-inner-column elementor-element elementor-element-165a7da6\" data-id=\"165a7da6\" data-element_type=\"column\" data-settings=\"{&quot;background_background&quot;:&quot;classic&quot;,&quot;animation&quot;:&quot;none&quot;}\">\n\t\t\t<div class=\"elementor-widget-wrap elementor-element-populated\">\n\t\t\t\t\t\t\t\t<div class=\"elementor-element elementor-element-2255986 idividual_img_mobile elementor-widget elementor-widget-image\" data-id=\"2255986\" data-element_type=\"widget\" data-widget_type=\"image.default\">\n\t\t\t\t<div class=\"elementor-widget-container\">\n\t\t\t<style>\/*! elementor - v3.16.0 - 17-10-2023 *\/\n.elementor-widget-image{text-align:center}.elementor-widget-image a{display:inline-block}.elementor-widget-image a img[src$=\".svg\"]{width:48px}.elementor-widget-image img{vertical-align:middle;display:inline-block}<\/style>\t\t\t\t\t\t\t\t\t\t\t\t<img loading=\"lazy\" decoding=\"async\" width=\"819\" height=\"1024\" src=\"https:\/\/fernandezsecco.com\/wp-content\/uploads\/2026\/05\/Lucia-Gonzalez-819x1024.png\" class=\"attachment-large size-large wp-image-12030\" alt=\"\" srcset=\"https:\/\/fernandezsecco.com\/wp-content\/uploads\/2026\/05\/Lucia-Gonzalez-819x1024.png 819w, https:\/\/fernandezsecco.com\/wp-content\/uploads\/2026\/05\/Lucia-Gonzalez-240x300.png 240w, https:\/\/fernandezsecco.com\/wp-content\/uploads\/2026\/05\/Lucia-Gonzalez-768x960.png 768w, https:\/\/fernandezsecco.com\/wp-content\/uploads\/2026\/05\/Lucia-Gonzalez-10x12.png 10w, https:\/\/fernandezsecco.com\/wp-content\/uploads\/2026\/05\/Lucia-Gonzalez.png 1080w\" sizes=\"auto, (max-width: 819px) 100vw, 819px\" \/>\t\t\t\t\t\t\t\t\t\t\t\t\t\t\t<\/div>\n\t\t\t\t<\/div>\n\t\t\t\t<div class=\"elementor-element elementor-element-206609c5 elementor-invisible elementor-widget elementor-widget-heading\" data-id=\"206609c5\" data-element_type=\"widget\" data-settings=\"{&quot;_animation&quot;:&quot;fadeInDown&quot;}\" data-widget_type=\"heading.default\">\n\t\t\t\t<div class=\"elementor-widget-container\">\n\t\t\t<style>\/*! elementor - v3.16.0 - 17-10-2023 *\/\n.elementor-heading-title{padding:0;margin:0;line-height:1}.elementor-widget-heading .elementor-heading-title[class*=elementor-size-]>a{color:inherit;font-size:inherit;line-height:inherit}.elementor-widget-heading .elementor-heading-title.elementor-size-small{font-size:15px}.elementor-widget-heading .elementor-heading-title.elementor-size-medium{font-size:19px}.elementor-widget-heading .elementor-heading-title.elementor-size-large{font-size:29px}.elementor-widget-heading .elementor-heading-title.elementor-size-xl{font-size:39px}.elementor-widget-heading .elementor-heading-title.elementor-size-xxl{font-size:59px}<\/style><h2 class=\"elementor-heading-title elementor-size-default\">lUC\u00cdA GONZALEZ<\/h2>\t\t<\/div>\n\t\t\t\t<\/div>\n\t\t\t\t<div class=\"elementor-element elementor-element-23ffc0e elementor-widget elementor-widget-heading\" data-id=\"23ffc0e\" data-element_type=\"widget\" data-widget_type=\"heading.default\">\n\t\t\t\t<div class=\"elementor-widget-container\">\n\t\t\t<h4 class=\"elementor-heading-title elementor-size-default\">Taxes &amp; Outsourcing<\/h4>\t\t<\/div>\n\t\t\t\t<\/div>\n\t\t\t\t<div class=\"elementor-element elementor-element-ffd1f6d individual_description elementor-widget elementor-widget-text-editor\" data-id=\"ffd1f6d\" data-element_type=\"widget\" data-settings=\"{&quot;_animation&quot;:&quot;none&quot;}\" data-widget_type=\"text-editor.default\">\n\t\t\t\t<div class=\"elementor-widget-container\">\n\t\t\t<style>\/*! elementor - v3.16.0 - 17-10-2023 *\/\n.elementor-widget-text-editor.elementor-drop-cap-view-stacked .elementor-drop-cap{background-color:#69727d;color:#fff}.elementor-widget-text-editor.elementor-drop-cap-view-framed .elementor-drop-cap{color:#69727d;border:3px solid;background-color:transparent}.elementor-widget-text-editor:not(.elementor-drop-cap-view-default) .elementor-drop-cap{margin-top:8px}.elementor-widget-text-editor:not(.elementor-drop-cap-view-default) .elementor-drop-cap-letter{width:1em;height:1em}.elementor-widget-text-editor .elementor-drop-cap{float:left;text-align:center;line-height:1;font-size:50px}.elementor-widget-text-editor .elementor-drop-cap-letter{display:inline-block}<\/style>\t\t\t\t<p>Luc\u00eda Gonz\u00e1lez se uni\u00f3 a nuestro estudio en abril de 2026 y es parte integral del \u00e1rea contable fiscal. Luc\u00eda curs\u00f3 la carrera de Contador P\u00fablico en la Universidad de la Rep\u00fablica, en d\u00f3nde obtuvo su t\u00edtulo.<\/p><p><span style=\"font-size: 14.666667px;\">En el 2021 complet\u00f3 la Maestr\u00eda en tributaci\u00f3n de la Universidad de la Rep\u00fablica y en 2023 realiz\u00f3 el Programa de Desarrollo Directivo en el IAE Business School.<\/span><span style=\"font-size: 14.666667px;\">\u00a0<\/span><\/p><p><span style=\"font-size: 14.666667px;\">Se especializa en planificaci\u00f3n fiscal, liquidaci\u00f3n de impuestos y optimizaci\u00f3n de estructuras administrativas, brindando soluciones claras y eficientes adaptadas a cada cliente. Se destaca por su compromiso, responsabilidad y trato cercano, generando relaciones de confianza a largo plazo. \u00a0<\/span><\/p><p><span style=\"font-size: 14.666667px;\">Idiomas: Espa\u00f1ol e Ingl\u00e9s.<\/span><\/p>\t\t\t\t\t\t<\/div>\n\t\t\t\t<\/div>\n\t\t\t\t\t<\/div>\n\t\t<\/div>\n\t\t\t\t<div class=\"elementor-column elementor-col-50 elementor-inner-column elementor-element elementor-element-4f666c78 individual_img\" data-id=\"4f666c78\" data-element_type=\"column\" data-settings=\"{&quot;background_background&quot;:&quot;classic&quot;,&quot;animation&quot;:&quot;none&quot;}\">\n\t\t\t<div class=\"elementor-widget-wrap elementor-element-populated\">\n\t\t\t\t\t\t\t\t<div class=\"elementor-element elementor-element-5bbccae6 elementor-widget elementor-widget-image\" data-id=\"5bbccae6\" data-element_type=\"widget\" data-widget_type=\"image.default\">\n\t\t\t\t<div class=\"elementor-widget-container\">\n\t\t\t\t\t\t\t\t\t\t\t\t\t\t\t<img loading=\"lazy\" decoding=\"async\" width=\"1080\" height=\"1350\" src=\"https:\/\/fernandezsecco.com\/wp-content\/uploads\/2026\/05\/Lucia-Gonzalez.png\" class=\"attachment-full size-full wp-image-12030\" alt=\"\" srcset=\"https:\/\/fernandezsecco.com\/wp-content\/uploads\/2026\/05\/Lucia-Gonzalez.png 1080w, https:\/\/fernandezsecco.com\/wp-content\/uploads\/2026\/05\/Lucia-Gonzalez-240x300.png 240w, https:\/\/fernandezsecco.com\/wp-content\/uploads\/2026\/05\/Lucia-Gonzalez-819x1024.png 819w, https:\/\/fernandezsecco.com\/wp-content\/uploads\/2026\/05\/Lucia-Gonzalez-768x960.png 768w, https:\/\/fernandezsecco.com\/wp-content\/uploads\/2026\/05\/Lucia-Gonzalez-10x12.png 10w\" sizes=\"auto, (max-width: 1080px) 100vw, 1080px\" \/>\t\t\t\t\t\t\t\t\t\t\t\t\t\t\t<\/div>\n\t\t\t\t<\/div>\n\t\t\t\t\t<\/div>\n\t\t<\/div>\n\t\t\t\t\t\t\t<\/div>\n\t\t<\/section>\n\t\t\t\t\t<\/div>\n\t\t<\/div>\n\t\t\t\t\t\t\t<\/div>\n\t\t<\/section>\n\t\t\t\t\t\t\t<\/div>","protected":false},"excerpt":{"rendered":"<p>lUC\u00cdA GONZALEZ Contabilidad &amp; Impuestos Luc\u00eda Gonz\u00e1lez<\/p>","protected":false},"author":1,"featured_media":0,"parent":0,"menu_order":0,"comment_status":"closed","ping_status":"closed","template":"","meta":{"footnotes":""},"class_list":["post-12037","page","type-page","status-publish","hentry"],"_links":{"self":[{"href":"https:\/\/fernandezsecco.com\/en\/wp-json\/wp\/v2\/pages\/12037","targetHints":{"allow":["GET"]}}],"collection":[{"href":"https:\/\/fernandezsecco.com\/en\/wp-json\/wp\/v2\/pages"}],"about":[{"href":"https:\/\/fernandezsecco.com\/en\/wp-json\/wp\/v2\/types\/page"}],"author":[{"embeddable":true,"href":"https:\/\/fernandezsecco.com\/en\/wp-json\/wp\/v2\/users\/1"}],"replies":[{"embeddable":true,"href":"https:\/\/fernandezsecco.com\/en\/wp-json\/wp\/v2\/comments?post=12037"}],"version-history":[{"count":7,"href":"https:\/\/fernandezsecco.com\/en\/wp-json\/wp\/v2\/pages\/12037\/revisions"}],"predecessor-version":[{"id":12045,"href":"https:\/\/fernandezsecco.com\/en\/wp-json\/wp\/v2\/pages\/12037\/revisions\/12045"}],"wp:attachment":[{"href":"https:\/\/fernandezsecco.com\/en\/wp-json\/wp\/v2\/media?parent=12037"}],"curies":[{"name":"wp","href":"https:\/\/api.w.org\/{rel}","templated":true}]}}